{"id":27656,"date":"2024-06-12T22:44:46","date_gmt":"2024-06-12T20:44:46","guid":{"rendered":"https:\/\/guanigallery.com\/index.php\/product\/la-pesca-en-el-rio\/"},"modified":"2024-06-12T22:44:50","modified_gmt":"2024-06-12T20:44:50","slug":"la-pesca-en-el-rio","status":"publish","type":"product","link":"https:\/\/guanigallery.com\/index.php\/product\/la-pesca-en-el-rio\/","title":{"rendered":"La pesca en el r\u00edo"},"content":{"rendered":"","protected":false},"excerpt":{"rendered":"<p>Disfrutando de la pesca en el r\u00edo con amigos, Momento de conexi\u00f3n con la naturaleza, Amigos Aprendiendo juntos a pescar en el r\u00edo<\/p>\n","protected":false},"featured_media":27575,"comment_status":"closed","ping_status":"open","template":"","meta":{"_monsterinsights_skip_tracking":false,"_monsterinsights_sitenote_active":false,"_monsterinsights_sitenote_note":"","_monsterinsights_sitenote_category":0},"product_brand":[],"product_cat":[80],"product_tag":[],"class_list":{"0":"post-27656","1":"product","2":"type-product","3":"status-publish","4":"has-post-thumbnail","6":"product_cat-paisaje","7":"pa_tamano-24x36-in","8":"pa_tamano-30x40-in","9":"pa_tamano-30x60-in","10":"pa_tamano-40x50-in","11":"pa_tamano-40x60-in","13":"first","14":"instock","15":"purchasable","16":"product-type-variable"},"aioseo_notices":[],"_links":{"self":[{"href":"https:\/\/guanigallery.com\/index.php\/wp-json\/wp\/v2\/product\/27656","targetHints":{"allow":["GET"]}}],"collection":[{"href":"https:\/\/guanigallery.com\/index.php\/wp-json\/wp\/v2\/product"}],"about":[{"href":"https:\/\/guanigallery.com\/index.php\/wp-json\/wp\/v2\/types\/product"}],"replies":[{"embeddable":true,"href":"https:\/\/guanigallery.com\/index.php\/wp-json\/wp\/v2\/comments?post=27656"}],"version-history":[{"count":1,"href":"https:\/\/guanigallery.com\/index.php\/wp-json\/wp\/v2\/product\/27656\/revisions"}],"predecessor-version":[{"id":27657,"href":"https:\/\/guanigallery.com\/index.php\/wp-json\/wp\/v2\/product\/27656\/revisions\/27657"}],"wp:featuredmedia":[{"embeddable":true,"href":"https:\/\/guanigallery.com\/index.php\/wp-json\/wp\/v2\/media\/27575"}],"wp:attachment":[{"href":"https:\/\/guanigallery.com\/index.php\/wp-json\/wp\/v2\/media?parent=27656"}],"wp:term":[{"taxonomy":"product_brand","embeddable":true,"href":"https:\/\/guanigallery.com\/index.php\/wp-json\/wp\/v2\/product_brand?post=27656"},{"taxonomy":"product_cat","embeddable":true,"href":"https:\/\/guanigallery.com\/index.php\/wp-json\/wp\/v2\/product_cat?post=27656"},{"taxonomy":"product_tag","embeddable":true,"href":"https:\/\/guanigallery.com\/index.php\/wp-json\/wp\/v2\/product_tag?post=27656"}],"curies":[{"name":"wp","href":"https:\/\/api.w.org\/{rel}","templated":true}]}}