{"id":27861,"date":"2024-06-21T17:26:28","date_gmt":"2024-06-21T15:26:28","guid":{"rendered":"https:\/\/guanigallery.com\/?page_id=27861"},"modified":"2024-06-21T17:32:32","modified_gmt":"2024-06-21T15:32:32","slug":"envio-y-entrega","status":"publish","type":"page","link":"https:\/\/guanigallery.com\/index.php\/envio-y-entrega\/","title":{"rendered":"Env\u00edo y Entrega"},"content":{"rendered":"\t\t<div data-elementor-type=\"wp-page\" data-elementor-id=\"27861\" class=\"elementor elementor-27861\">\n\t\t\t\t<div class=\"elementor-element elementor-element-cb322d0 e-flex e-con-boxed e-con e-parent\" data-id=\"cb322d0\" data-element_type=\"container\">\n\t\t\t\t\t<div class=\"e-con-inner\">\n\t\t<div class=\"elementor-element elementor-element-1f0abe4 e-con-full e-flex e-con e-child\" data-id=\"1f0abe4\" data-element_type=\"container\">\n\t\t\t\t<div class=\"elementor-element elementor-element-071523a wd-width-100 elementor-widget elementor-widget-wd_title\" data-id=\"071523a\" data-element_type=\"widget\" data-widget_type=\"wd_title.default\">\n\t\t\t\t<div class=\"elementor-widget-container\">\n\t\t\t\t\t\t\t<div class=\"title-wrapper set-mb-s reset-last-child wd-title-color-default wd-title-style-default wd-title-size-default text-left\">\n\n\t\t\t\n\t\t\t<div class=\"liner-continer\">\n\t\t\t\t<h4 class=\"woodmart-title-container title wd-fontsize-l\">Env\u00edo y Entrega<\/h4> \n\t\t\t\t\t\t\t<\/div>\n\n\t\t\t\t\t\t\t<div class=\"title-after_title set-cont-mb-s reset-last-child wd-fontsize-xs\">\n\t\t\t\t\t<p>La entrega segura de su pedido es nuestra prioridad. Para cada cliente, tenemos un equipo de atenci\u00f3n al cliente dedicado al que se puede contactar para ayudar con el proceso de env\u00edo y entrega. Utilizamos proveedores log\u00edsticos externos profesionales para llevarle sus art\u00edculos de la manera m\u00e1s segura posible.<\/p>\t\t\t\t<\/div>\n\t\t\t\t\t<\/div>\n\t\t\t\t\t\t<\/div>\n\t\t\t\t<\/div>\n\t\t\t\t<div class=\"elementor-element elementor-element-2a7c1c6 elementor-widget elementor-widget-wd_accordion\" data-id=\"2a7c1c6\" data-element_type=\"widget\" data-widget_type=\"wd_accordion.default\">\n\t\t\t\t<div class=\"elementor-widget-container\">\n\t\t\t\t\t\n\t\t<div class=\"wd-accordion wd-style-default\" data-state=\"first\">\n\t\t\t\t\t\t\t\n\t\t\t\t<div class=\"wd-accordion-item\">\n\t\t\t\t\t<div class=\"wd-accordion-title wd-active text-left wd-opener-pos-right\" data-accordion-index=\"0\">\n\t\t\t\t\t\t<div class=\"wd-accordion-title-text\">\n\t\t\t\t\t\t\t\t\t\t\t\t\t\t<span>\n\t\t\t\t\t\t\t\t\u00bfD\u00f3nde entrega Guani Gallery?\t\t\t\t\t\t\t<\/span>\n\t\t\t\t\t\t<\/div>\n\t\t\t\t\t\t<span class=\"wd-accordion-opener wd-opener-style-arrow\"><\/span>\n\t\t\t\t\t<\/div>\n\n\t\t\t\t\t<div class=\"wd-accordion-content reset-last-child wd-active\" data-accordion-index=\"0\">\n\t\t\t\t\t\t\t\t\t\t\t\t\t\n\t\t\t\t\t\t\t<p>Como empresa internacional, estamos orgullosos de entregar nuestros art\u00edculos en todo el mundo.<\/p>\n\t\t\t\t\t\t\t\t\t\t\t\t\t\t\t\t\t\t<\/div>\n\t\t\t\t<\/div>\n\t\t\t\t\t\t\t\n\t\t\t\t<div class=\"wd-accordion-item\">\n\t\t\t\t\t<div class=\"wd-accordion-title text-left wd-opener-pos-right\" data-accordion-index=\"1\">\n\t\t\t\t\t\t<div class=\"wd-accordion-title-text\">\n\t\t\t\t\t\t\t\t\t\t\t\t\t\t<span>\n\t\t\t\t\t\t\t\t\u00bfCu\u00e1nto tarda Guani Gallery en entregar mi pedido?\t\t\t\t\t\t\t<\/span>\n\t\t\t\t\t\t<\/div>\n\t\t\t\t\t\t<span class=\"wd-accordion-opener wd-opener-style-arrow\"><\/span>\n\t\t\t\t\t<\/div>\n\n\t\t\t\t\t<div class=\"wd-accordion-content reset-last-child\" data-accordion-index=\"1\">\n\t\t\t\t\t\t\t\t\t\t\t\t\t\n\t\t\t\t\t\t\t<p>Por lo general, entregamos los pedidos dentro de los 7 a 15 d\u00edas posteriores a la compra.<br \/>Para piezas hechas a pedido, el tiempo de producci\u00f3n debe agregarse al tiempo de entrega regular.<br \/>El tiempo de entrega puede variar seg\u00fan el pa\u00eds de salida y el pa\u00eds de destino de los productos comprados y si se ha agregado una opci\u00f3n de enmarcado o estirado a su pedido.<\/p>\n\t\t\t\t\t\t\t\t\t\t\t\t\t\t\t\t\t\t<\/div>\n\t\t\t\t<\/div>\n\t\t\t\t\t\t\t\n\t\t\t\t<div class=\"wd-accordion-item\">\n\t\t\t\t\t<div class=\"wd-accordion-title text-left wd-opener-pos-right\" data-accordion-index=\"2\">\n\t\t\t\t\t\t<div class=\"wd-accordion-title-text\">\n\t\t\t\t\t\t\t\t\t\t\t\t\t\t<span>\n\t\t\t\t\t\t\t\t\u00bfC\u00f3mo puedo seguir mi pedido?\t\t\t\t\t\t\t<\/span>\n\t\t\t\t\t\t<\/div>\n\t\t\t\t\t\t<span class=\"wd-accordion-opener wd-opener-style-arrow\"><\/span>\n\t\t\t\t\t<\/div>\n\n\t\t\t\t\t<div class=\"wd-accordion-content reset-last-child\" data-accordion-index=\"2\">\n\t\t\t\t\t\t\t\t\t\t\t\t\t\n\t\t\t\t\t\t\t<p>Puede realizar un seguimiento de su pedido con un enlace de seguimiento que recibir\u00e1 por correo electr\u00f3nico de 2 a 3 d\u00edas (en promedio) despu\u00e9s de su compra.<br \/>Tan pronto como est\u00e9 disponible, tambi\u00e9n podr\u00e1 encontrar su enlace de seguimiento en su p\u00e1gina \"Pedidos\".<br \/>Como trabajamos con proveedores externos, este servicio puede diferir ligeramente de un pedido a otro. Algunas compa\u00f1\u00edas de env\u00edo pueden ofrecer la posibilidad de programar a su conveniencia, aunque Guani Gallery no puede garantizarlo.<br \/>Tenga en cuenta que nuestros servicios de entrega externos son los que le enviar\u00e1n la informaci\u00f3n de seguimiento.<\/p>\n\t\t\t\t\t\t\t\t\t\t\t\t\t\t\t\t\t\t<\/div>\n\t\t\t\t<\/div>\n\t\t\t\t\t\t\t\n\t\t\t\t<div class=\"wd-accordion-item\">\n\t\t\t\t\t<div class=\"wd-accordion-title text-left wd-opener-pos-right\" data-accordion-index=\"3\">\n\t\t\t\t\t\t<div class=\"wd-accordion-title-text\">\n\t\t\t\t\t\t\t\t\t\t\t\t\t\t<span>\n\t\t\t\t\t\t\t\t\u00bfCu\u00e1nto cuesta mi env\u00edo?\t\t\t\t\t\t\t<\/span>\n\t\t\t\t\t\t<\/div>\n\t\t\t\t\t\t<span class=\"wd-accordion-opener wd-opener-style-arrow\"><\/span>\n\t\t\t\t\t<\/div>\n\n\t\t\t\t\t<div class=\"wd-accordion-content reset-last-child\" data-accordion-index=\"3\">\n\t\t\t\t\t\t\t\t\t\t\t\t\t\n\t\t\t\t\t\t\t<p>El precio de la entrega ya est\u00e1 incluido en el precio de la obra.<br \/>Tenga en cuenta que nuestros precios incluyen:<br \/>Seguro. Su pedido est\u00e1 100% protegido en caso de cualquier da\u00f1o o p\u00e9rdida.<br \/>Todas las tasas aduaneras, todos los impuestos y la preparaci\u00f3n de documentos.<br \/>Costos de env\u00edo del proveedor de log\u00edstica tercero.<br \/>Un especialista dedicado de atenci\u00f3n al cliente de Guani Gallery que lo ayudar\u00e1 con cualquier pregunta o problema durante el env\u00edo.<\/p><p>Impuestos y Aduanas:<br \/>Los impuestos y las tasas de aduanas ya est\u00e1n incluidos en el precio de la obra.<br \/>En algunos casos raros, la empresa de env\u00edo le pedir\u00e1 que pague las tarifas de importaci\u00f3n de aduanas. Si este fuera el caso, anticipe el pago y comparta un recibo\/estado de cuenta bancario con su especialista de atenci\u00f3n al cliente. De esta manera, no habr\u00e1 m\u00e1s demora y podremos reembolsarle el monto total.<br \/>servicio de entrega:<br \/>Entrega profesional <br \/>Su pedido ser\u00e1 entregado personalmente en su edificio o en la puerta de su casa por una empresa de env\u00edo de confianza (DHL, FedEx, UPS). Todos los productos son cuidadosamente empaquetados por los artistas siguiendo las pautas de Guani Gallery.<\/p>\n\t\t\t\t\t\t\t\t\t\t\t\t\t\t\t\t\t\t<\/div>\n\t\t\t\t<\/div>\n\t\t\t\t\t\t\t\n\t\t\t\t<div class=\"wd-accordion-item\">\n\t\t\t\t\t<div class=\"wd-accordion-title text-left wd-opener-pos-right\" data-accordion-index=\"4\">\n\t\t\t\t\t\t<div class=\"wd-accordion-title-text\">\n\t\t\t\t\t\t\t\t\t\t\t\t\t\t<span>\n\t\t\t\t\t\t\t\t\u00bfD\u00f3nde esta mi pedido?\t\t\t\t\t\t\t<\/span>\n\t\t\t\t\t\t<\/div>\n\t\t\t\t\t\t<span class=\"wd-accordion-opener wd-opener-style-arrow\"><\/span>\n\t\t\t\t\t<\/div>\n\n\t\t\t\t\t<div class=\"wd-accordion-content reset-last-child\" data-accordion-index=\"4\">\n\t\t\t\t\t\t\t\t\t\t\t\t\t\n\t\t\t\t\t\t\t<p>Como utilizamos servicios de entrega de terceros, le recomendamos que utilice el enlace de seguimiento que recibir\u00e1 por correo electr\u00f3nico dentro de los 2-3 d\u00edas (en promedio) de su compra.<br \/>Tambi\u00e9n puede ver el estado de su pedido haciendo clic en el enlace de seguimiento en su p\u00e1gina \"Pedidos\".<br \/>\u00bfPreguntas? Ll\u00e1menos al +34 911 23 97 81.<\/p>\n\t\t\t\t\t\t\t\t\t\t\t\t\t\t\t\t\t\t<\/div>\n\t\t\t\t<\/div>\n\t\t\t\t\t<\/div>\n\t\t\t\t\t\t<\/div>\n\t\t\t\t<\/div>\n\t\t\t\t<\/div>\n\t\t\t\t\t<\/div>\n\t\t\t\t<\/div>\n\t\t\t\t<\/div>\n\t\t","protected":false},"excerpt":{"rendered":"<p>Env\u00edo y Entrega La entrega segura de su pedido es nuestra prioridad. Para cada cliente, tenemos un equipo de atenci\u00f3n<\/p>\n","protected":false},"author":1,"featured_media":0,"parent":0,"menu_order":0,"comment_status":"closed","ping_status":"closed","template":"","meta":{"_monsterinsights_skip_tracking":false,"_monsterinsights_sitenote_active":false,"_monsterinsights_sitenote_note":"","_monsterinsights_sitenote_category":0,"footnotes":""},"class_list":["post-27861","page","type-page","status-publish","hentry"],"aioseo_notices":[],"_links":{"self":[{"href":"https:\/\/guanigallery.com\/index.php\/wp-json\/wp\/v2\/pages\/27861","targetHints":{"allow":["GET"]}}],"collection":[{"href":"https:\/\/guanigallery.com\/index.php\/wp-json\/wp\/v2\/pages"}],"about":[{"href":"https:\/\/guanigallery.com\/index.php\/wp-json\/wp\/v2\/types\/page"}],"author":[{"embeddable":true,"href":"https:\/\/guanigallery.com\/index.php\/wp-json\/wp\/v2\/users\/1"}],"replies":[{"embeddable":true,"href":"https:\/\/guanigallery.com\/index.php\/wp-json\/wp\/v2\/comments?post=27861"}],"version-history":[{"count":22,"href":"https:\/\/guanigallery.com\/index.php\/wp-json\/wp\/v2\/pages\/27861\/revisions"}],"predecessor-version":[{"id":27883,"href":"https:\/\/guanigallery.com\/index.php\/wp-json\/wp\/v2\/pages\/27861\/revisions\/27883"}],"wp:attachment":[{"href":"https:\/\/guanigallery.com\/index.php\/wp-json\/wp\/v2\/media?parent=27861"}],"curies":[{"name":"wp","href":"https:\/\/api.w.org\/{rel}","templated":true}]}}